{"id":24,"date":"2024-11-14T15:12:16","date_gmt":"2024-11-14T14:12:16","guid":{"rendered":"https:\/\/www.sekreturody.com.pl\/?page_id=24"},"modified":"2025-02-05T02:30:24","modified_gmt":"2025-02-05T01:30:24","slug":"aktualnosci","status":"publish","type":"page","link":"https:\/\/www.sekreturody.com.pl\/index.php\/aktualnosci\/","title":{"rendered":"Aktualno\u015bci"},"content":{"rendered":"\t\t<div data-elementor-type=\"wp-page\" data-elementor-id=\"24\" class=\"elementor elementor-24\" data-elementor-post-type=\"page\">\n\t\t\t\t\t\t<section class=\"elementor-section elementor-top-section elementor-element elementor-element-6496523 elementor-section-full_width elementor-section-height-default elementor-section-height-default\" data-id=\"6496523\" data-element_type=\"section\" data-settings=\"{&quot;background_background&quot;:&quot;classic&quot;}\">\n\t\t\t\t\t\t<div class=\"elementor-container elementor-column-gap-default\">\n\t\t\t\t\t<div class=\"elementor-column elementor-col-100 elementor-top-column elementor-element elementor-element-f915904\" data-id=\"f915904\" data-element_type=\"column\">\n\t\t\t<div class=\"elementor-widget-wrap elementor-element-populated\">\n\t\t\t\t\t\t<div class=\"elementor-element elementor-element-dfaf6c8 elementor-widget__width-initial elementor-grid-3 elementor-grid-tablet-2 elementor-grid-mobile-1 elementor-posts--thumbnail-top elementor-card-shadow-yes elementor-posts__hover-gradient elementor-widget elementor-widget-posts\" data-id=\"dfaf6c8\" data-element_type=\"widget\" data-settings=\"{&quot;pagination_type&quot;:&quot;numbers&quot;,&quot;cards_columns&quot;:&quot;3&quot;,&quot;cards_columns_tablet&quot;:&quot;2&quot;,&quot;cards_columns_mobile&quot;:&quot;1&quot;,&quot;cards_row_gap&quot;:{&quot;unit&quot;:&quot;px&quot;,&quot;size&quot;:35,&quot;sizes&quot;:[]},&quot;cards_row_gap_tablet&quot;:{&quot;unit&quot;:&quot;px&quot;,&quot;size&quot;:&quot;&quot;,&quot;sizes&quot;:[]},&quot;cards_row_gap_mobile&quot;:{&quot;unit&quot;:&quot;px&quot;,&quot;size&quot;:&quot;&quot;,&quot;sizes&quot;:[]}}\" data-widget_type=\"posts.cards\">\n\t\t\t\t<div class=\"elementor-widget-container\">\n\t\t\t\t\t<div class=\"elementor-posts-container elementor-posts elementor-posts--skin-cards elementor-grid\">\n\t\t\t\t<article class=\"elementor-post elementor-grid-item post-633 post type-post status-publish format-standard has-post-thumbnail hentry category-bez-kategorii\">\n\t\t\t<div class=\"elementor-post__card\">\n\t\t\t\t<a class=\"elementor-post__thumbnail__link\" href=\"https:\/\/www.sekreturody.com.pl\/index.php\/zabiegi-na-twarz-przywroc-mlodzienczy-blask-swojej-skorze\/\" tabindex=\"-1\" ><div class=\"elementor-post__thumbnail\"><img fetchpriority=\"high\" decoding=\"async\" width=\"300\" height=\"169\" src=\"https:\/\/www.sekreturody.com.pl\/wp-content\/uploads\/2024\/11\/tlo-strony-sekreturody2-300x169.png\" class=\"attachment-medium size-medium wp-image-172\" alt=\"\" srcset=\"https:\/\/www.sekreturody.com.pl\/wp-content\/uploads\/2024\/11\/tlo-strony-sekreturody2-300x169.png 300w, https:\/\/www.sekreturody.com.pl\/wp-content\/uploads\/2024\/11\/tlo-strony-sekreturody2-1024x576.png 1024w, https:\/\/www.sekreturody.com.pl\/wp-content\/uploads\/2024\/11\/tlo-strony-sekreturody2-768x432.png 768w, https:\/\/www.sekreturody.com.pl\/wp-content\/uploads\/2024\/11\/tlo-strony-sekreturody2-1536x864.png 1536w, https:\/\/www.sekreturody.com.pl\/wp-content\/uploads\/2024\/11\/tlo-strony-sekreturody2.png 1920w\" sizes=\"(max-width: 300px) 100vw, 300px\" \/><\/div><\/a>\n\t\t\t\t<div class=\"elementor-post__text\">\n\t\t\t\t<h3 class=\"elementor-post__title\">\n\t\t\t<a href=\"https:\/\/www.sekreturody.com.pl\/index.php\/zabiegi-na-twarz-przywroc-mlodzienczy-blask-swojej-skorze\/\" >\n\t\t\t\tZabiegi na twarz \u2013 przywr\u00f3\u0107 m\u0142odzie\u0144czy blask sk\u00f3rze\t\t\t<\/a>\n\t\t<\/h3>\n\t\t\t\t<div class=\"elementor-post__excerpt\">\n\t\t\t<p>Wszystko, czego potrzebuje Twoja sk\u00f3ra, by zachowa\u0107 zdrowy wygl\u0105d i m\u0142odzie\u0144czy blask, znajdziesz w naszej<\/p>\n\t\t<\/div>\n\t\t\n\t\t<a class=\"elementor-post__read-more\" href=\"https:\/\/www.sekreturody.com.pl\/index.php\/zabiegi-na-twarz-przywroc-mlodzienczy-blask-swojej-skorze\/\" aria-label=\"Read more about Zabiegi na twarz \u2013 przywr\u00f3\u0107 m\u0142odzie\u0144czy blask sk\u00f3rze\" tabindex=\"-1\" >\n\t\t\tCzytaj wi\u0119cej \u00bb\t\t<\/a>\n\n\t\t\t\t<\/div>\n\t\t\t\t\t<\/div>\n\t\t<\/article>\n\t\t\t\t<\/div>\n\t\t\n\t\t\t\t<\/div>\n\t\t\t\t<\/div>\n\t\t\t\t\t<\/div>\n\t\t<\/div>\n\t\t\t\t\t<\/div>\n\t\t<\/section>\n\t\t\t\t<\/div>\n\t\t","protected":false},"excerpt":{"rendered":"","protected":false},"author":1,"featured_media":0,"parent":0,"menu_order":0,"comment_status":"closed","ping_status":"closed","template":"","meta":{"footnotes":""},"class_list":["post-24","page","type-page","status-publish","hentry"],"_links":{"self":[{"href":"https:\/\/www.sekreturody.com.pl\/index.php\/wp-json\/wp\/v2\/pages\/24","targetHints":{"allow":["GET"]}}],"collection":[{"href":"https:\/\/www.sekreturody.com.pl\/index.php\/wp-json\/wp\/v2\/pages"}],"about":[{"href":"https:\/\/www.sekreturody.com.pl\/index.php\/wp-json\/wp\/v2\/types\/page"}],"author":[{"embeddable":true,"href":"https:\/\/www.sekreturody.com.pl\/index.php\/wp-json\/wp\/v2\/users\/1"}],"replies":[{"embeddable":true,"href":"https:\/\/www.sekreturody.com.pl\/index.php\/wp-json\/wp\/v2\/comments?post=24"}],"version-history":[{"count":13,"href":"https:\/\/www.sekreturody.com.pl\/index.php\/wp-json\/wp\/v2\/pages\/24\/revisions"}],"predecessor-version":[{"id":647,"href":"https:\/\/www.sekreturody.com.pl\/index.php\/wp-json\/wp\/v2\/pages\/24\/revisions\/647"}],"wp:attachment":[{"href":"https:\/\/www.sekreturody.com.pl\/index.php\/wp-json\/wp\/v2\/media?parent=24"}],"curies":[{"name":"wp","href":"https:\/\/api.w.org\/{rel}","templated":true}]}}